{"id":462,"date":"2014-06-16T18:03:45","date_gmt":"2014-06-16T16:03:45","guid":{"rendered":"http:\/\/truu.veebikoda.com\/?page_id=462"},"modified":"2016-11-18T11:50:23","modified_gmt":"2016-11-18T09:50:23","slug":"location","status":"publish","type":"page","link":"https:\/\/www.truutalu.ee\/en\/location\/","title":{"rendered":"Location"},"content":{"rendered":"<div  class=\"fusion-fullwidth fullwidth-box hundred-percent-fullwidth\"  style='background-color: rgba(255,255,255,0);background-position: center center;background-repeat: no-repeat;padding-top:0px;padding-right:20px;padding-bottom:0px;padding-left:20px;'><div class=\"fusion-builder-row fusion-row \"><div  class=\"fusion-layout-column fusion_builder_column fusion_builder_column_1_3  fusion-one-third fusion-column-first 1_3\"  style='margin-top:0px;margin-bottom:20px;width:33.33%;width:calc(33.33% - ( ( 4% ) * 0.3333 ) );margin-right: 4%;'>\n\t\t\t<div class=\"fusion-column-wrapper\" style=\"background-position:left top;background-repeat:no-repeat;-webkit-background-size:cover;-moz-background-size:cover;-o-background-size:cover;background-size:cover;\"  data-bg-url=\"\">\n\t\t\t\tTruu puhketalu is located in southern Estonia, Tartu county, Kambja parish, Ivaste village.<\/p>\n<p>We are located 215 km from Tallinn, 45 km from V\u00f5ru, 33 km from Tartu and 19 km from Otep\u00e4\u00e4.<\/p>\n<p>&nbsp;<\/p>\n<p>&nbsp;<\/p>\n<div><strong>X: 6446481.1 Y: 656480.8<\/strong><\/div>\n<div><strong>B:58\u00b07\u0384 53.43\u02dd \u00a0L:26\u00b039\u0384 24.34\u02dd<\/strong><\/div>\n<div><span style=\"text-decoration: underline;\"><strong><a href=\"http:\/\/xgis.maaamet.ee\/xGIS\/XGis?app_id=UU82&amp;user_id=at&amp;punkt=656481,6446481&amp;zoom=113.47347712866&amp;LANG=1\">Map<\/a><\/strong><\/span><\/div>\n<div>\u00a0<\/div>\n<div class=\"fusion-clearfix\"><\/div>\n\n\t\t\t<\/div>\n\t\t<\/div><div  class=\"fusion-layout-column fusion_builder_column fusion_builder_column_2_3  fusion-two-third fusion-column-last 2_3\"  style='margin-top:0px;margin-bottom:20px;width:66.66%;width:calc(66.66% - ( ( 4% ) * 0.6666 ) );'>\n\t\t\t<div class=\"fusion-column-wrapper\" style=\"background-position:left top;background-repeat:no-repeat;-webkit-background-size:cover;-moz-background-size:cover;-o-background-size:cover;background-size:cover;\"  data-bg-url=\"\">\n\t\t\t\t<iframe loading=\"lazy\" style=\"border: 0px currentColor;\" src=\"https:\/\/www.google.com\/maps\/embed?pb=!1m27!1m12!1m3!1d16849.091903365064!2d26.659168723283084!3d58.13782234707255!2m3!1f0!2f0!3f0!3m2!1i1024!2i768!4f13.1!4m12!1i0!3e0!4m3!3m2!1d58.144998599999994!2d26.7021563!4m5!1s0x46eb17fa966b6d01%3A0xb458e7caac022f19!2sTruu+puhketalu%2C+62005+Tartumaa%2C+Eesti!3m2!1d58.131735!2d26.656276!5e0!3m2!1set!2see!4v1404377994239\" width=\"580\" height=\"350\" frameborder=\"0\"><\/iframe><\/p>\n<p><center><a style=\"color: #000000; text-align: left; font-size: 14px;\" href=\"https:\/\/www.google.ee\/maps\/dir\/58.1449986,26.7021563\/Truu+puhketalu,+62005+Tartumaa\/@58.1428241,26.7034008,14z\/data=!4m9!4m8!1m0!1m5!1m1!1s0x46eb17fa966b6d01:0xb458e7caac022f19!2m2!1d26.656276!2d58.131735!3e0\" target=\"_blank\">Open a larger map \u2192<\/a><\/center><\/p>\n<div class=\"fusion-clearfix\"><\/div>\n\n\t\t\t<\/div>\n\t\t<\/div>\n<\/div><\/div>\n","protected":false},"excerpt":{"rendered":"","protected":false},"author":1,"featured_media":0,"parent":0,"menu_order":0,"comment_status":"closed","ping_status":"closed","template":"100-width.php","meta":[],"yoast_head":"<!-- This site is optimized with the Yoast SEO plugin v18.9 - https:\/\/yoast.com\/wordpress\/plugins\/seo\/ -->\n<title>Truu holiday homes - holiday in beautiful nature in Estonia<\/title>\n<meta name=\"description\" content=\"Truu holiday homes are located 215 km from Tallinn, 45 km from V\u00f5ru, 33 km from Tartu and 19 km from Otep\u00e4\u00e4.\" \/>\n<meta name=\"robots\" content=\"index, follow, max-snippet:-1, max-image-preview:large, max-video-preview:-1\" \/>\n<link rel=\"canonical\" href=\"https:\/\/www.truutalu.ee\/en\/location\/\" \/>\n<meta property=\"og:locale\" content=\"en_US\" \/>\n<meta property=\"og:type\" content=\"article\" \/>\n<meta property=\"og:title\" content=\"Truu holiday homes - holiday in beautiful nature in Estonia\" \/>\n<meta property=\"og:description\" content=\"Truu holiday homes are located 215 km from Tallinn, 45 km from V\u00f5ru, 33 km from Tartu and 19 km from Otep\u00e4\u00e4.\" \/>\n<meta property=\"og:url\" content=\"https:\/\/www.truutalu.ee\/en\/location\/\" \/>\n<meta property=\"og:site_name\" content=\"Truu talu puhkemajad\" \/>\n<meta property=\"article:modified_time\" content=\"2016-11-18T09:50:23+00:00\" \/>\n<script type=\"application\/ld+json\" class=\"yoast-schema-graph\">{\"@context\":\"https:\/\/schema.org\",\"@graph\":[{\"@type\":\"WebSite\",\"@id\":\"https:\/\/www.truutalu.ee\/#website\",\"url\":\"https:\/\/www.truutalu.ee\/\",\"name\":\"Truu talu puhkemajad\",\"description\":\"Puhkus ja majutus L\u00f5una-Eestis\",\"potentialAction\":[{\"@type\":\"SearchAction\",\"target\":{\"@type\":\"EntryPoint\",\"urlTemplate\":\"https:\/\/www.truutalu.ee\/?s={search_term_string}\"},\"query-input\":\"required name=search_term_string\"}],\"inLanguage\":\"en-US\"},{\"@type\":\"WebPage\",\"@id\":\"https:\/\/www.truutalu.ee\/en\/location\/#webpage\",\"url\":\"https:\/\/www.truutalu.ee\/en\/location\/\",\"name\":\"Truu holiday homes - holiday in beautiful nature in Estonia\",\"isPartOf\":{\"@id\":\"https:\/\/www.truutalu.ee\/#website\"},\"datePublished\":\"2014-06-16T16:03:45+00:00\",\"dateModified\":\"2016-11-18T09:50:23+00:00\",\"description\":\"Truu holiday homes are located 215 km from Tallinn, 45 km from V\u00f5ru, 33 km from Tartu and 19 km from Otep\u00e4\u00e4.\",\"breadcrumb\":{\"@id\":\"https:\/\/www.truutalu.ee\/en\/location\/#breadcrumb\"},\"inLanguage\":\"en-US\",\"potentialAction\":[{\"@type\":\"ReadAction\",\"target\":[\"https:\/\/www.truutalu.ee\/en\/location\/\"]}]},{\"@type\":\"BreadcrumbList\",\"@id\":\"https:\/\/www.truutalu.ee\/en\/location\/#breadcrumb\",\"itemListElement\":[{\"@type\":\"ListItem\",\"position\":1,\"name\":\"Location\"}]}]}<\/script>\n<!-- \/ Yoast SEO plugin. -->","yoast_head_json":{"title":"Truu holiday homes - holiday in beautiful nature in Estonia","description":"Truu holiday homes are located 215 km from Tallinn, 45 km from V\u00f5ru, 33 km from Tartu and 19 km from Otep\u00e4\u00e4.","robots":{"index":"index","follow":"follow","max-snippet":"max-snippet:-1","max-image-preview":"max-image-preview:large","max-video-preview":"max-video-preview:-1"},"canonical":"https:\/\/www.truutalu.ee\/en\/location\/","og_locale":"en_US","og_type":"article","og_title":"Truu holiday homes - holiday in beautiful nature in Estonia","og_description":"Truu holiday homes are located 215 km from Tallinn, 45 km from V\u00f5ru, 33 km from Tartu and 19 km from Otep\u00e4\u00e4.","og_url":"https:\/\/www.truutalu.ee\/en\/location\/","og_site_name":"Truu talu puhkemajad","article_modified_time":"2016-11-18T09:50:23+00:00","schema":{"@context":"https:\/\/schema.org","@graph":[{"@type":"WebSite","@id":"https:\/\/www.truutalu.ee\/#website","url":"https:\/\/www.truutalu.ee\/","name":"Truu talu puhkemajad","description":"Puhkus ja majutus L\u00f5una-Eestis","potentialAction":[{"@type":"SearchAction","target":{"@type":"EntryPoint","urlTemplate":"https:\/\/www.truutalu.ee\/?s={search_term_string}"},"query-input":"required name=search_term_string"}],"inLanguage":"en-US"},{"@type":"WebPage","@id":"https:\/\/www.truutalu.ee\/en\/location\/#webpage","url":"https:\/\/www.truutalu.ee\/en\/location\/","name":"Truu holiday homes - holiday in beautiful nature in Estonia","isPartOf":{"@id":"https:\/\/www.truutalu.ee\/#website"},"datePublished":"2014-06-16T16:03:45+00:00","dateModified":"2016-11-18T09:50:23+00:00","description":"Truu holiday homes are located 215 km from Tallinn, 45 km from V\u00f5ru, 33 km from Tartu and 19 km from Otep\u00e4\u00e4.","breadcrumb":{"@id":"https:\/\/www.truutalu.ee\/en\/location\/#breadcrumb"},"inLanguage":"en-US","potentialAction":[{"@type":"ReadAction","target":["https:\/\/www.truutalu.ee\/en\/location\/"]}]},{"@type":"BreadcrumbList","@id":"https:\/\/www.truutalu.ee\/en\/location\/#breadcrumb","itemListElement":[{"@type":"ListItem","position":1,"name":"Location"}]}]}},"_links":{"self":[{"href":"https:\/\/www.truutalu.ee\/en\/wp-json\/wp\/v2\/pages\/462"}],"collection":[{"href":"https:\/\/www.truutalu.ee\/en\/wp-json\/wp\/v2\/pages"}],"about":[{"href":"https:\/\/www.truutalu.ee\/en\/wp-json\/wp\/v2\/types\/page"}],"author":[{"embeddable":true,"href":"https:\/\/www.truutalu.ee\/en\/wp-json\/wp\/v2\/users\/1"}],"replies":[{"embeddable":true,"href":"https:\/\/www.truutalu.ee\/en\/wp-json\/wp\/v2\/comments?post=462"}],"version-history":[{"count":5,"href":"https:\/\/www.truutalu.ee\/en\/wp-json\/wp\/v2\/pages\/462\/revisions"}],"predecessor-version":[{"id":1551,"href":"https:\/\/www.truutalu.ee\/en\/wp-json\/wp\/v2\/pages\/462\/revisions\/1551"}],"wp:attachment":[{"href":"https:\/\/www.truutalu.ee\/en\/wp-json\/wp\/v2\/media?parent=462"}],"curies":[{"name":"wp","href":"https:\/\/api.w.org\/{rel}","templated":true}]}}